{"id":6194,"date":"2024-05-14T09:38:15","date_gmt":"2024-05-14T14:38:15","guid":{"rendered":"https:\/\/posgrado.utmachala.edu.ec\/posgrado\/?page_id=6194"},"modified":"2026-01-14T07:39:23","modified_gmt":"2026-01-14T12:39:23","slug":"servicios-virtuales","status":"publish","type":"page","link":"https:\/\/posgrado.utmachala.edu.ec\/posgrado\/servicios-virtuales\/","title":{"rendered":"Servicios virtuales"},"content":{"rendered":"\t\t<div data-elementor-type=\"wp-page\" data-elementor-id=\"6194\" class=\"elementor elementor-6194\" data-elementor-post-type=\"page\">\n\t\t\t\t\t\t\t\t\t<section class=\"elementor-section elementor-top-section elementor-element elementor-element-c090a39 elementor-section-full_width elementor-section-height-default elementor-section-height-default\" data-id=\"c090a39\" data-element_type=\"section\">\n\t\t\t\t\t\t<div class=\"elementor-container elementor-column-gap-default\">\n\t\t\t\t\t<div class=\"elementor-column elementor-col-100 elementor-top-column elementor-element elementor-element-a477234\" data-id=\"a477234\" data-element_type=\"column\">\n\t\t\t<div class=\"elementor-widget-wrap elementor-element-populated\">\n\t\t\t\t\t\t\t\t<div class=\"elementor-element elementor-element-fc36246 elementor-widget elementor-widget-image\" data-id=\"fc36246\" data-element_type=\"widget\" data-widget_type=\"image.default\">\n\t\t\t\t<div class=\"elementor-widget-container\">\n\t\t\t\t\t\t\t\t\t\t\t\t\t\t\t<img decoding=\"async\" loading=\"lazy\" width=\"1967\" height=\"324\" src=\"https:\/\/posgrado.utmachala.edu.ec\/posgrado\/wp-content\/uploads\/2024\/05\/Imagen1_00.png\" class=\"attachment-full size-full wp-image-6252\" alt=\"\" srcset=\"https:\/\/posgrado.utmachala.edu.ec\/posgrado\/wp-content\/uploads\/2024\/05\/Imagen1_00.png 1967w, https:\/\/posgrado.utmachala.edu.ec\/posgrado\/wp-content\/uploads\/2024\/05\/Imagen1_00-300x49.png 300w, https:\/\/posgrado.utmachala.edu.ec\/posgrado\/wp-content\/uploads\/2024\/05\/Imagen1_00-1024x169.png 1024w, https:\/\/posgrado.utmachala.edu.ec\/posgrado\/wp-content\/uploads\/2024\/05\/Imagen1_00-768x127.png 768w, https:\/\/posgrado.utmachala.edu.ec\/posgrado\/wp-content\/uploads\/2024\/05\/Imagen1_00-1536x253.png 1536w\" sizes=\"(max-width: 1967px) 100vw, 1967px\" \/>\t\t\t\t\t\t\t\t\t\t\t\t\t\t\t<\/div>\n\t\t\t\t<\/div>\n\t\t\t\t\t<\/div>\n\t\t<\/div>\n\t\t\t\t\t\t\t<\/div>\n\t\t<\/section>\n\t\t\t\t<section class=\"elementor-section elementor-top-section elementor-element elementor-element-d3a6d60 elementor-section-boxed elementor-section-height-default elementor-section-height-default\" data-id=\"d3a6d60\" data-element_type=\"section\">\n\t\t\t\t\t\t<div class=\"elementor-container elementor-column-gap-default\">\n\t\t\t\t\t<div class=\"elementor-column elementor-col-100 elementor-top-column elementor-element elementor-element-ab9d615\" data-id=\"ab9d615\" data-element_type=\"column\">\n\t\t\t<div class=\"elementor-widget-wrap elementor-element-populated\">\n\t\t\t\t\t\t\t\t<div class=\"elementor-element elementor-element-730587b elementor-widget elementor-widget-spacer\" data-id=\"730587b\" data-element_type=\"widget\" data-widget_type=\"spacer.default\">\n\t\t\t\t<div class=\"elementor-widget-container\">\n\t\t\t\t\t<div class=\"elementor-spacer\">\n\t\t\t<div class=\"elementor-spacer-inner\"><\/div>\n\t\t<\/div>\n\t\t\t\t<\/div>\n\t\t\t\t<\/div>\n\t\t\t\t\t<\/div>\n\t\t<\/div>\n\t\t\t\t\t\t\t<\/div>\n\t\t<\/section>\n\t\t\t\t<section class=\"elementor-section elementor-top-section elementor-element elementor-element-94c2394 elementor-section-full_width elementor-section-stretched elementor-section-height-default elementor-section-height-default\" data-id=\"94c2394\" data-element_type=\"section\" id=\"grid_accesos\" data-settings=\"{&quot;stretch_section&quot;:&quot;section-stretched&quot;}\">\n\t\t\t\t\t\t<div class=\"elementor-container elementor-column-gap-default\">\n\t\t\t\t\t<div class=\"elementor-column elementor-col-33 elementor-top-column elementor-element elementor-element-3eaa773\" data-id=\"3eaa773\" data-element_type=\"column\" id=\"col1-accesos\">\n\t\t\t<div class=\"elementor-widget-wrap elementor-element-populated\">\n\t\t\t\t\t\t\t\t<div class=\"elementor-element elementor-element-cf750dd elementor-cta--layout-image-left elementor-widget__width-initial elementor-cta--valign-middle elementor-cta--skin-classic elementor-animated-content elementor-bg-transform elementor-bg-transform-zoom-in elementor-widget elementor-widget-call-to-action\" data-id=\"cf750dd\" data-element_type=\"widget\" data-widget_type=\"call-to-action.default\">\n\t\t\t\t<div class=\"elementor-widget-container\">\n\t\t\t\t\t<a class=\"elementor-cta\" href=\"https:\/\/app.utmachala.edu.ec\/siutmach\/public\/\" target=\"_blank\">\n\t\t\t\t\t<div class=\"elementor-cta__bg-wrapper\">\n\t\t\t\t<div class=\"elementor-cta__bg elementor-bg\" style=\"background-image: url(https:\/\/app.utmachala.edu.ec\/siutmach\/public\/css\/seguridades\/content\/logoSIUTMACH.png);\" role=\"img\" aria-label=\"\"><\/div>\n\t\t\t\t<div class=\"elementor-cta__bg-overlay\"><\/div>\n\t\t\t<\/div>\n\t\t\t\t\t\t\t<div class=\"elementor-cta__content\">\n\t\t\t\t\n\t\t\t\t<h5 class=\"elementor-cta__title elementor-cta__content-item elementor-content-item\">SIUTMACH<\/h5>\n\t\t\t\t\t\t\t\t\t<div class=\"elementor-cta__description elementor-cta__content-item elementor-content-item\">\n\t\t\t\t\t\tSistema inform\u00e1tico de la Universidad T\u00e9cnica de Machala\t\t\t\t\t<\/div>\n\t\t\t\t\n\t\t\t\t\t\t\t<\/div>\n\t\t\t\t\t\t<\/a>\n\t\t\t\t<\/div>\n\t\t\t\t<\/div>\n\t\t\t\t<div class=\"elementor-element elementor-element-2e40d74 elementor-cta--layout-image-left elementor-widget__width-initial elementor-cta--skin-classic elementor-animated-content elementor-bg-transform elementor-bg-transform-zoom-in elementor-widget elementor-widget-call-to-action\" data-id=\"2e40d74\" data-element_type=\"widget\" data-widget_type=\"call-to-action.default\">\n\t\t\t\t<div class=\"elementor-widget-container\">\n\t\t\t\t\t<a class=\"elementor-cta\" href=\"https:\/\/evapos.utmachala.edu.ec\/cursos\/login\/index.php\" target=\"_blank\">\n\t\t\t\t\t<div class=\"elementor-cta__bg-wrapper\">\n\t\t\t\t<div class=\"elementor-cta__bg elementor-bg\" style=\"background-image: url(https:\/\/posgrado.utmachala.edu.ec\/posgrado\/wp-content\/uploads\/2022\/12\/icono_moodle.png);\" role=\"img\" aria-label=\"icono_moodle\"><\/div>\n\t\t\t\t<div class=\"elementor-cta__bg-overlay\"><\/div>\n\t\t\t<\/div>\n\t\t\t\t\t\t\t<div class=\"elementor-cta__content\">\n\t\t\t\t\n\t\t\t\t<h5 class=\"elementor-cta__title elementor-cta__content-item elementor-content-item\">EVAPOS<\/h5>\n\t\t\t\t\t\t\t\t\t<div class=\"elementor-cta__description elementor-cta__content-item elementor-content-item\">\n\t\t\t\t\t\tEntorno Virtual de Posgrado\ncomo gestor de aprendizaje\t\t\t\t\t<\/div>\n\t\t\t\t\n\t\t\t\t\t\t\t<\/div>\n\t\t\t\t\t\t<\/a>\n\t\t\t\t<\/div>\n\t\t\t\t<\/div>\n\t\t\t\t\t<\/div>\n\t\t<\/div>\n\t\t\t\t<div class=\"elementor-column elementor-col-33 elementor-top-column elementor-element elementor-element-50e041c\" data-id=\"50e041c\" data-element_type=\"column\" id=\"col2-accesos\">\n\t\t\t<div class=\"elementor-widget-wrap elementor-element-populated\">\n\t\t\t\t\t\t\t\t<div class=\"elementor-element elementor-element-129aaea elementor-cta--layout-image-left elementor-widget__width-initial elementor-cta--skin-classic elementor-animated-content elementor-bg-transform elementor-bg-transform-zoom-in elementor-widget elementor-widget-call-to-action\" data-id=\"129aaea\" data-element_type=\"widget\" data-widget_type=\"call-to-action.default\">\n\t\t\t\t<div class=\"elementor-widget-container\">\n\t\t\t\t\t<a class=\"elementor-cta\" href=\"https:\/\/login.microsoftonline.com\/organizations\/oauth2\/v2.0\/authorize?client_id=4765445b-32c6-49b0-83e6-1d93765276ca&#038;redirect_uri=https%3A%2F%2Fwww.office.com%2Flandingv2&#038;response_type=code%20id_token&#038;scope=openid%20profile%20https%3A%2F%2Fwww.office.com%2Fv2%2FOfficeHome.All&#038;response_mode=form_post&#038;nonce=638512932233269082.OTA2ZjFkZDUtMjRmZi00OGVlLTk1OTMtOWZkZGRkZTk1NjFmNDMxNTZmNjUtMTZkZS00MzQzLWFjMWQtNWNmNzA0MzM0MWQz&#038;ui_locales=es-419&#038;mkt=es-419&#038;msafed=0&#038;client-request-id=f107973e-ecdd-4912-9592-213ad4900e12&#038;state=vi7r3fYVdqqJe6THUB-IyGe-focvRmpsaSe6eqm7F4kmPJMIuICHHVMpbyYfAwGcLZH8OUuKoaqAX20qrclw7THy-Oiu6M2aQQ6TXYn89y3FvvLaP08Xrtz8kDjpvRJQUW5nkN7_2_WJJdy_vqY4ixgpxKs0zlZMAPNLFa2iQr1o7Rd6OuHgtrOdyqeOtWhqd9ShCFvMiyqwMMMz-6Buo4tCsPVg0s_6LITQ7ba-wZNJW6TrJ8z8GaGq0ZbLJbFPJJdM3e4J0zoTR3VtW0Ey56OzWjyNNOHpTtlzNIRTlriWeguB_NwRpnoTPMBaXXGa1t9IrZzCL5UDwo9WDvcGZqNYqNRlTj0Eib5dWUtKfqI&#038;x-client-SKU=ID_NET6_0&#038;x-client-ver=7.3.1.0&#038;domain_hint=utmachala.edu.ec&#038;sso_reload=true\" target=\"_blank\">\n\t\t\t\t\t<div class=\"elementor-cta__bg-wrapper\">\n\t\t\t\t<div class=\"elementor-cta__bg elementor-bg\" style=\"background-image: url(https:\/\/upload.wikimedia.org\/wikipedia\/commons\/thumb\/f\/f7\/Microsoft_Outlook_2013-2019_logo.svg\/1200px-Microsoft_Outlook_2013-2019_logo.svg.png);\" role=\"img\" aria-label=\"\"><\/div>\n\t\t\t\t<div class=\"elementor-cta__bg-overlay\"><\/div>\n\t\t\t<\/div>\n\t\t\t\t\t\t\t<div class=\"elementor-cta__content\">\n\t\t\t\t\n\t\t\t\t<h5 class=\"elementor-cta__title elementor-cta__content-item elementor-content-item\">Correo electr\u00f3nico<\/h5>\n\t\t\t\t\t\t\t\t\t<div class=\"elementor-cta__description elementor-cta__content-item elementor-content-item\">\n\t\t\t\t\t\tGestor de correo de Microsoft Outlook \t\t\t\t\t<\/div>\n\t\t\t\t\n\t\t\t\t\t\t\t<\/div>\n\t\t\t\t\t\t<\/a>\n\t\t\t\t<\/div>\n\t\t\t\t<\/div>\n\t\t\t\t<div class=\"elementor-element elementor-element-e1cbc11 elementor-cta--layout-image-left elementor-widget__width-initial elementor-cta--skin-classic elementor-animated-content elementor-bg-transform elementor-bg-transform-zoom-in elementor-widget elementor-widget-call-to-action\" data-id=\"e1cbc11\" data-element_type=\"widget\" data-widget_type=\"call-to-action.default\">\n\t\t\t\t<div class=\"elementor-widget-container\">\n\t\t\t\t\t<a class=\"elementor-cta\" href=\"https:\/\/login.microsoftonline.com\/organizations\/oauth2\/v2.0\/authorize?client_id=4765445b-32c6-49b0-83e6-1d93765276ca&#038;redirect_uri=https%3A%2F%2Fwww.office.com%2Flandingv2&#038;response_type=code%20id_token&#038;scope=openid%20profile%20https%3A%2F%2Fwww.office.com%2Fv2%2FOfficeHome.All&#038;response_mode=form_post&#038;nonce=638512932233269082.OTA2ZjFkZDUtMjRmZi00OGVlLTk1OTMtOWZkZGRkZTk1NjFmNDMxNTZmNjUtMTZkZS00MzQzLWFjMWQtNWNmNzA0MzM0MWQz&#038;ui_locales=es-419&#038;mkt=es-419&#038;msafed=0&#038;client-request-id=f107973e-ecdd-4912-9592-213ad4900e12&#038;state=vi7r3fYVdqqJe6THUB-IyGe-focvRmpsaSe6eqm7F4kmPJMIuICHHVMpbyYfAwGcLZH8OUuKoaqAX20qrclw7THy-Oiu6M2aQQ6TXYn89y3FvvLaP08Xrtz8kDjpvRJQUW5nkN7_2_WJJdy_vqY4ixgpxKs0zlZMAPNLFa2iQr1o7Rd6OuHgtrOdyqeOtWhqd9ShCFvMiyqwMMMz-6Buo4tCsPVg0s_6LITQ7ba-wZNJW6TrJ8z8GaGq0ZbLJbFPJJdM3e4J0zoTR3VtW0Ey56OzWjyNNOHpTtlzNIRTlriWeguB_NwRpnoTPMBaXXGa1t9IrZzCL5UDwo9WDvcGZqNYqNRlTj0Eib5dWUtKfqI&#038;x-client-SKU=ID_NET6_0&#038;x-client-ver=7.3.1.0&#038;domain_hint=utmachala.edu.ec&#038;sso_reload=true\" target=\"_blank\">\n\t\t\t\t\t<div class=\"elementor-cta__bg-wrapper\">\n\t\t\t\t<div class=\"elementor-cta__bg elementor-bg\" style=\"background-image: url(https:\/\/is1-ssl.mzstatic.com\/image\/thumb\/Purple221\/v4\/9f\/fd\/fc\/9ffdfca6-cfc0-5d6e-baa0-699834da5525\/AppIcon-0-0-1x_U007emarketing-0-7-0-sRGB-0-85-220-0.png\/512x512bb.jpg);\" role=\"img\" aria-label=\"\"><\/div>\n\t\t\t\t<div class=\"elementor-cta__bg-overlay\"><\/div>\n\t\t\t<\/div>\n\t\t\t\t\t\t\t<div class=\"elementor-cta__content\">\n\t\t\t\t\n\t\t\t\t<h5 class=\"elementor-cta__title elementor-cta__content-item elementor-content-item\">Microsoft 365<\/h5>\n\t\t\t\t\t\t\t\t\t<div class=\"elementor-cta__description elementor-cta__content-item elementor-content-item\">\n\t\t\t\t\t\tOutlook, OneDrive, Word, Excel, PowerPoint, Teams, Forms y m\u00e1s\t\t\t\t\t<\/div>\n\t\t\t\t\n\t\t\t\t\t\t\t<\/div>\n\t\t\t\t\t\t<\/a>\n\t\t\t\t<\/div>\n\t\t\t\t<\/div>\n\t\t\t\t\t<\/div>\n\t\t<\/div>\n\t\t\t\t<div class=\"elementor-column elementor-col-33 elementor-top-column elementor-element elementor-element-9c527b1\" data-id=\"9c527b1\" data-element_type=\"column\" id=\"col3-accesos\">\n\t\t\t<div class=\"elementor-widget-wrap elementor-element-populated\">\n\t\t\t\t\t\t\t\t<div class=\"elementor-element elementor-element-ccac6d4 elementor-cta--layout-image-left elementor-widget__width-initial elementor-cta--skin-classic elementor-animated-content elementor-bg-transform elementor-bg-transform-zoom-in elementor-widget elementor-widget-call-to-action\" data-id=\"ccac6d4\" data-element_type=\"widget\" data-widget_type=\"call-to-action.default\">\n\t\t\t\t<div class=\"elementor-widget-container\">\n\t\t\t\t\t<a class=\"elementor-cta\" href=\"https:\/\/biblioteca.utmachala.edu.ec\/wordpress\/bases-de-datos-por-suscripcion\/\" target=\"_blank\">\n\t\t\t\t\t<div class=\"elementor-cta__bg-wrapper\">\n\t\t\t\t<div class=\"elementor-cta__bg elementor-bg\" style=\"background-image: url(https:\/\/encrypted-tbn0.gstatic.com\/images?q=tbn:ANd9GcSHGECgnQNpW4TZ3ybG41ZhpZu-mJ0Eaqoet3f6WS4BbQ&amp;s);\" role=\"img\" aria-label=\"\"><\/div>\n\t\t\t\t<div class=\"elementor-cta__bg-overlay\"><\/div>\n\t\t\t<\/div>\n\t\t\t\t\t\t\t<div class=\"elementor-cta__content\">\n\t\t\t\t\n\t\t\t\t<h5 class=\"elementor-cta__title elementor-cta__content-item elementor-content-item\">Biblioteca Virtual<\/h5>\n\t\t\t\t\t\t\t\t\t<div class=\"elementor-cta__description elementor-cta__content-item elementor-content-item\">\n\t\t\t\t\t\tBase de datos cientificas \t\t\t\t\t<\/div>\n\t\t\t\t\n\t\t\t\t\t\t\t<\/div>\n\t\t\t\t\t\t<\/a>\n\t\t\t\t<\/div>\n\t\t\t\t<\/div>\n\t\t\t\t<div class=\"elementor-element elementor-element-556d1a5 elementor-cta--layout-image-left elementor-widget__width-initial elementor-cta--skin-classic elementor-animated-content elementor-bg-transform elementor-bg-transform-zoom-in elementor-widget elementor-widget-call-to-action\" data-id=\"556d1a5\" data-element_type=\"widget\" data-widget_type=\"call-to-action.default\">\n\t\t\t\t<div class=\"elementor-widget-container\">\n\t\t\t\t\t<a class=\"elementor-cta\" href=\"https:\/\/discovery.cedia.edu.ec\/module.php\/discopower\/disco.php?entityID=https%3A%2F%2Fdiscovery.cedia.edu.ec%2Fmodule.php%2Fsaml%2Fsp%2Fmetadata.php%2Fsaml&#038;return=https%3A%2F%2Fdiscovery.cedia.edu.ec%2Fmodule.php%2Fsaml%2Fsp%2Fdiscoresp.php%3FAuthID%3D_a7460d57963255e528095b80fb5e82a745d9ce57dd%253Ahttps%253A%252F%252Fdiscovery.cedia.edu.ec%252Fsaml2%252Fidp%252FSSOService.php%253Fspentityid%253Dhttps%25253A%25252F%25252Fcedia.zoom.us%2526cookieTime%253D1717162545&#038;returnIDParam=idpentityid\" target=\"_blank\">\n\t\t\t\t\t<div class=\"elementor-cta__bg-wrapper\">\n\t\t\t\t<div class=\"elementor-cta__bg elementor-bg\" style=\"background-image: url(https:\/\/1000marcas.net\/wp-content\/uploads\/2021\/07\/Zoom-logo.jpg);\" role=\"img\" aria-label=\"\"><\/div>\n\t\t\t\t<div class=\"elementor-cta__bg-overlay\"><\/div>\n\t\t\t<\/div>\n\t\t\t\t\t\t\t<div class=\"elementor-cta__content\">\n\t\t\t\t\n\t\t\t\t<h5 class=\"elementor-cta__title elementor-cta__content-item elementor-content-item\">Videoconferencias<\/h5>\n\t\t\t\t\t\t\t\t\t<div class=\"elementor-cta__description elementor-cta__content-item elementor-content-item\">\n\t\t\t\t\t\tPlataforma de zoom \t\t\t\t\t<\/div>\n\t\t\t\t\n\t\t\t\t\t\t\t<\/div>\n\t\t\t\t\t\t<\/a>\n\t\t\t\t<\/div>\n\t\t\t\t<\/div>\n\t\t\t\t\t<\/div>\n\t\t<\/div>\n\t\t\t\t\t\t\t<\/div>\n\t\t<\/section>\n\t\t\t\t<section class=\"elementor-section elementor-top-section elementor-element elementor-element-70c30e3 elementor-section-full_width elementor-section-height-default elementor-section-height-default\" data-id=\"70c30e3\" data-element_type=\"section\">\n\t\t\t\t\t\t<div class=\"elementor-container elementor-column-gap-default\">\n\t\t\t\t\t<div class=\"elementor-column elementor-col-100 elementor-top-column elementor-element elementor-element-a10b209\" data-id=\"a10b209\" data-element_type=\"column\">\n\t\t\t<div class=\"elementor-widget-wrap elementor-element-populated\">\n\t\t\t\t\t\t\t\t<div class=\"elementor-element elementor-element-c9bc0c3 elementor-widget elementor-widget-spacer\" data-id=\"c9bc0c3\" data-element_type=\"widget\" data-widget_type=\"spacer.default\">\n\t\t\t\t<div class=\"elementor-widget-container\">\n\t\t\t\t\t<div class=\"elementor-spacer\">\n\t\t\t<div class=\"elementor-spacer-inner\"><\/div>\n\t\t<\/div>\n\t\t\t\t<\/div>\n\t\t\t\t<\/div>\n\t\t\t\t<div class=\"elementor-element elementor-element-70bd80c elementor-widget-divider--view-line elementor-widget elementor-widget-divider\" data-id=\"70bd80c\" data-element_type=\"widget\" data-widget_type=\"divider.default\">\n\t\t\t\t<div class=\"elementor-widget-container\">\n\t\t\t\t\t<div class=\"elementor-divider\">\n\t\t\t<span class=\"elementor-divider-separator\">\n\t\t\t\t\t\t<\/span>\n\t\t<\/div>\n\t\t\t\t<\/div>\n\t\t\t\t<\/div>\n\t\t\t\t\t<\/div>\n\t\t<\/div>\n\t\t\t\t\t\t\t<\/div>\n\t\t<\/section>\n\t\t\t\t<section class=\"elementor-section elementor-top-section elementor-element elementor-element-ce25c0f elementor-section-full_width elementor-section-height-default elementor-section-height-default\" data-id=\"ce25c0f\" data-element_type=\"section\">\n\t\t\t\t\t\t<div class=\"elementor-container elementor-column-gap-default\">\n\t\t\t\t\t<div class=\"elementor-column elementor-col-50 elementor-top-column elementor-element elementor-element-aaf4ec4\" data-id=\"aaf4ec4\" data-element_type=\"column\">\n\t\t\t<div class=\"elementor-widget-wrap elementor-element-populated\">\n\t\t\t\t\t\t\t\t<div class=\"elementor-element elementor-element-dce1f66 elementor-widget__width-initial elementor-cta--skin-cover imagen_herramienta elementor-animated-content elementor-bg-transform elementor-bg-transform-zoom-in elementor-widget elementor-widget-call-to-action\" data-id=\"dce1f66\" data-element_type=\"widget\" data-widget_type=\"call-to-action.default\">\n\t\t\t\t<div class=\"elementor-widget-container\">\n\t\t\t\t\t<a class=\"elementor-cta\" href=\"https:\/\/posgrado.utmachala.edu.ec\/posgrado\/instructivo_herramientas_tecnologicas\/\">\n\t\t\t\t\t<div class=\"elementor-cta__bg-wrapper\">\n\t\t\t\t<div class=\"elementor-cta__bg elementor-bg\" style=\"background-image: url(https:\/\/posgrado.utmachala.edu.ec\/posgrado\/wp-content\/uploads\/2022\/09\/Imagen1.png);\" role=\"img\" aria-label=\"Imagen1\"><\/div>\n\t\t\t\t<div class=\"elementor-cta__bg-overlay\"><\/div>\n\t\t\t<\/div>\n\t\t\t\t\t\t\t<div class=\"elementor-cta__content\">\n\t\t\t\t\n\t\t\t\t<h5 class=\"elementor-cta__title elementor-cta__content-item elementor-content-item elementor-animated-item--grow\">GU\u00cdA DE HERRAMIENTAS TECNOL\u00d3GICAS<\/h5>\n\t\t\t\t\t\t\t\t\t<div class=\"elementor-cta__description elementor-cta__content-item elementor-content-item elementor-animated-item--grow\">\n\t\t\t\t\t\tInstructivos, gu\u00edas, manuales y tutoriales \t\t\t\t\t<\/div>\n\t\t\t\t\n\t\t\t\t\t\t\t\t\t<div class=\"elementor-cta__button-wrapper elementor-cta__content-item elementor-content-item elementor-animated-item--grow\">\n\t\t\t\t\t<span class=\"elementor-cta__button elementor-button elementor-size-sm\">\n\t\t\t\t\t\tVer\t\t\t\t\t<\/span>\n\t\t\t\t\t<\/div>\n\t\t\t\t\t\t\t<\/div>\n\t\t\t\t\t\t<\/a>\n\t\t\t\t<\/div>\n\t\t\t\t<\/div>\n\t\t\t\t\t<\/div>\n\t\t<\/div>\n\t\t\t\t<div class=\"elementor-column elementor-col-50 elementor-top-column elementor-element elementor-element-5234774\" data-id=\"5234774\" data-element_type=\"column\">\n\t\t\t<div class=\"elementor-widget-wrap elementor-element-populated\">\n\t\t\t\t\t\t\t\t<div class=\"elementor-element elementor-element-8429f5e elementor-view-default elementor-position-top elementor-mobile-position-top elementor-widget elementor-widget-icon-box\" data-id=\"8429f5e\" data-element_type=\"widget\" data-widget_type=\"icon-box.default\">\n\t\t\t\t<div class=\"elementor-widget-container\">\n\t\t\t\t\t<div class=\"elementor-icon-box-wrapper\">\n\t\t\t\t\t\t<div class=\"elementor-icon-box-icon\">\n\t\t\t\t<span  class=\"elementor-icon elementor-animation-\">\n\t\t\t\t<i aria-hidden=\"true\" class=\"icon icon-email\"><\/i>\t\t\t\t<\/span>\n\t\t\t<\/div>\n\t\t\t\t\t\t<div class=\"elementor-icon-box-content\">\n\t\t\t\t<h3 class=\"elementor-icon-box-title\">\n\t\t\t\t\t<span  >\n\t\t\t\t\t\tAsistencia t\u00e9cnica\t\t\t\t\t<\/span>\n\t\t\t\t<\/h3>\n\t\t\t\t\t\t\t\t\t<p class=\"elementor-icon-box-description\">\n\t\t\t\t\t\tAnte cualquier duda o inquietud, escribir a la l\u00ednea de soporte y asistencia t\u00e9cnica, adjuntando el capture de pantalla del inconveniente e identific\u00e1ndose el usuario: nombres, apellidos, c\u00e9dula de identidad\/pasaporte, programa de maestr\u00eda\n\t\t\t\t\t<\/p>\n\t\t\t\t\t\t\t<\/div>\n\t\t<\/div>\n\t\t\t\t<\/div>\n\t\t\t\t<\/div>\n\t\t\t\t<div class=\"elementor-element elementor-element-974ae0d elementor-widget elementor-widget-text-editor\" data-id=\"974ae0d\" data-element_type=\"widget\" data-widget_type=\"text-editor.default\">\n\t\t\t\t<div class=\"elementor-widget-container\">\n\t\t\t\t\t\t\t<p><a href=\"mailto:posgrado@utmachala.edu.ec\" target=\"_blank\" rel=\"noopener\"><span style=\"text-align: center;\">posgrado@utmachala.edu.ec<\/span><\/a><\/p>\t\t\t\t\t\t<\/div>\n\t\t\t\t<\/div>\n\t\t\t\t\t<\/div>\n\t\t<\/div>\n\t\t\t\t\t\t\t<\/div>\n\t\t<\/section>\n\t\t\t\t\t\t\t<\/div>\n\t\t","protected":false},"excerpt":{"rendered":"<p>SIUTMACH Sistema inform\u00e1tico de la Universidad T\u00e9cnica de Machala EVAPOS Entorno Virtual de Posgrado como gestor de aprendizaje Correo electr\u00f3nico Gestor de correo de Microsoft Outlook Microsoft 365 Outlook, OneDrive, Word, Excel, PowerPoint, Teams, Forms y m\u00e1s Biblioteca Virtual Base de datos cientificas Videoconferencias Plataforma de zoom GU\u00cdA DE HERRAMIENTAS TECNOL\u00d3GICAS Instructivos, gu\u00edas, manuales y [&hellip;]<\/p>\n","protected":false},"author":4,"featured_media":0,"parent":0,"menu_order":0,"comment_status":"closed","ping_status":"closed","template":"elementor_header_footer","meta":{"footnotes":"","_joinchat":[]},"uagb_featured_image_src":{"full":false,"thumbnail":false,"medium":false,"medium_large":false,"large":false,"1536x1536":false,"2048x2048":false},"uagb_author_info":{"display_name":"cepos","author_link":"https:\/\/posgrado.utmachala.edu.ec\/posgrado\/author\/cepos\/"},"uagb_comment_info":0,"uagb_excerpt":"SIUTMACH Sistema inform\u00e1tico de la Universidad T\u00e9cnica de Machala EVAPOS Entorno Virtual de Posgrado como gestor de aprendizaje Correo electr\u00f3nico Gestor de correo de Microsoft Outlook Microsoft 365 Outlook, OneDrive, Word, Excel, PowerPoint, Teams, Forms y m\u00e1s Biblioteca Virtual Base de datos cientificas Videoconferencias Plataforma de zoom GU\u00cdA DE HERRAMIENTAS TECNOL\u00d3GICAS Instructivos, gu\u00edas, manuales y&hellip;","_links":{"self":[{"href":"https:\/\/posgrado.utmachala.edu.ec\/posgrado\/wp-json\/wp\/v2\/pages\/6194"}],"collection":[{"href":"https:\/\/posgrado.utmachala.edu.ec\/posgrado\/wp-json\/wp\/v2\/pages"}],"about":[{"href":"https:\/\/posgrado.utmachala.edu.ec\/posgrado\/wp-json\/wp\/v2\/types\/page"}],"author":[{"embeddable":true,"href":"https:\/\/posgrado.utmachala.edu.ec\/posgrado\/wp-json\/wp\/v2\/users\/4"}],"replies":[{"embeddable":true,"href":"https:\/\/posgrado.utmachala.edu.ec\/posgrado\/wp-json\/wp\/v2\/comments?post=6194"}],"version-history":[{"count":143,"href":"https:\/\/posgrado.utmachala.edu.ec\/posgrado\/wp-json\/wp\/v2\/pages\/6194\/revisions"}],"predecessor-version":[{"id":14221,"href":"https:\/\/posgrado.utmachala.edu.ec\/posgrado\/wp-json\/wp\/v2\/pages\/6194\/revisions\/14221"}],"wp:attachment":[{"href":"https:\/\/posgrado.utmachala.edu.ec\/posgrado\/wp-json\/wp\/v2\/media?parent=6194"}],"curies":[{"name":"wp","href":"https:\/\/api.w.org\/{rel}","templated":true}]}}