{"id":514,"date":"2018-06-19T14:32:56","date_gmt":"2018-06-19T14:32:56","guid":{"rendered":"https:\/\/posgrado.utmachala.edu.ec\/posgrado\/?page_id=514"},"modified":"2019-08-14T16:03:49","modified_gmt":"2019-08-14T16:03:49","slug":"preguntas-frecuentes-faq","status":"publish","type":"page","link":"https:\/\/posgrado.utmachala.edu.ec\/posgrado\/preguntas-frecuentes-faq\/","title":{"rendered":"Preguntas frecuentes (FAQ)"},"content":{"rendered":"<p><span style=\"font-family: verdana;\">En esta secci\u00f3n, encontrar\u00e1s las respuestas a las dudas m\u00e1s frecuentes realizadas con respecto al Centro de Posgrado y su oferta acad\u00e9mica, mediante las siguientes preguntas:<\/span><\/p>\n<ol>\n<li style=\"list-style-type: none;\">\n<ol>\n<li><span style=\"font-family: verdana;\"><a href=\"https:\/\/posgrado.utmachala.edu.ec\/posgrado\/preguntas-frecuentes-faq\/#pregunta1\">\u00bfQu\u00e9 valor tienen las maestr\u00edas?<\/a><\/span><\/li>\n<li><span style=\"font-family: verdana;\"><a href=\"https:\/\/posgrado.utmachala.edu.ec\/posgrado\/preguntas-frecuentes-faq\/#pregunta2\">\u00bfCu\u00e1les son las formas de pago de las maestr\u00edas?<\/a><\/span><\/li>\n<li><span style=\"font-family: verdana;\"><a href=\"https:\/\/posgrado.utmachala.edu.ec\/posgrado\/preguntas-frecuentes-faq\/#pregunta3\">\u00bfCu\u00e1les son los requisitos para las maestr\u00edas?<\/a><\/span><\/li>\n<li><span style=\"font-family: verdana;\"><a href=\"https:\/\/posgrado.utmachala.edu.ec\/posgrado\/preguntas-frecuentes-faq\/#pregunta4\">Necesito una maestr\u00eda en Educaci\u00f3n \u00bfcu\u00e1les tienen en oferta?<\/a><\/span><\/li>\n<li><span style=\"font-family: verdana;\"><a href=\"https:\/\/posgrado.utmachala.edu.ec\/posgrado\/preguntas-frecuentes-faq\/#pregunta5\">\u00bfEs necesario el Ingl\u00e9s como requisito para ingresar a las maestr\u00edas?<\/a><\/span><\/li>\n<li><span style=\"font-family: verdana;\"><a href=\"https:\/\/posgrado.utmachala.edu.ec\/posgrado\/preguntas-frecuentes-faq\/#pregunta6\">\u00bfCu\u00e1les son los horarios de clases de las maestr\u00edas?<\/a><\/span><\/li>\n<li><span style=\"font-family: verdana;\"><a href=\"https:\/\/posgrado.utmachala.edu.ec\/posgrado\/preguntas-frecuentes-faq\/#pregunta7\">\u00bfPuedo cancelar con tarjeta de cr\u00e9dito?<\/a><\/span><\/li>\n<li><a href=\"https:\/\/posgrado.utmachala.edu.ec\/posgrado\/programa-de-becas-nacionales-de-posgrado-2019\/\">\u00bfExisten becas?<\/a><\/li>\n<\/ol>\n<\/li>\n<\/ol>\n<hr \/>\n<h2><\/h2>\n<h3><span style=\"font-family: verdana;\"><a name=\"pregunta1\"><\/a><\/span><br \/>\n<span style=\"text-decoration: underline;\"><span style=\"font-family: verdana;\">\u00bfQu\u00e9 valor tienen las maestr\u00edas?<\/span><\/span><\/h3>\n<p style=\"text-align: justify;\"><span style=\"font-family: verdana;\">El coste de los programas de maestr\u00eda, ser\u00e1n colocados en su respectivo apartado cuando sean aprobadas y posteriormente publicadas en el apartado de <strong><em>Programas Aprobados<\/em><\/strong>; pero en cuanto al reglamento, actualmente su coste debe estar entre los $ 6.000 y $ 12.000, sin poderse manejar valores inferiores o superiores al l\u00edmite previamente establecido.<\/span><\/p>\n<h3><span style=\"font-family: verdana;\"><a name=\"pregunta2\"><\/a><\/span><br \/>\n<span style=\"text-decoration: underline;\"><span style=\"font-family: verdana;\">\u00bfCu\u00e1les son las formas de pago de las maestr\u00edas?<\/span><\/span><\/h3>\n<p style=\"text-align: justify;\"><span style=\"font-family: verdana;\">Las formas de pago disponibles son:<\/span><\/p>\n<h4>Pago al contado<\/h4>\n<p>Consiste en que las y los aspirantes cancelen el valor total del programa de posgrado ofertado y contar\u00e1 con un 5% de descuento.<\/p>\n<h4>Pago con tarjeta de cr\u00e9dito o d\u00e9bito<\/h4>\n<p>Las y los aspirantes podr\u00e1n cancelar el monto total del programa de posgrado con tarjeta de cr\u00e9dito o d\u00e9bito.<\/p>\n<h4>Cr\u00e9dito con la UTMACH-EP<\/h4>\n<p>Las y los aspirantes podr\u00e1n optar por un cr\u00e9dito directo con la UTMACH-EP; siempre y cuando, suscriban un convenio de pago abonando un m\u00ednimo del 20% del costo total del arancel al iniciar la primera asignatura, su diferencia se mensualizar\u00e1 en cuotas seg\u00fan el calendario acad\u00e9mico de cada programa. Para el perfeccionamiento del convenio de pago se deber\u00e1 contar con un garante y suscribir la o las respectivas letras de cambio.<\/p>\n<p>Estas formas de pago se realizar\u00e1n a trav\u00e9s de la cuenta de la Empresa P\u00fablica UTMACH-EP.<\/p>\n<p>Si deseas conocer a detalle la resoluci\u00f3n, puedes descargarla en el siguiente enlace:\u00a0<a href=\"https:\/\/posgrado.utmachala.edu.ec\/posgrado\/wp-content\/uploads\/2019\/02\/RES-053-2019.pdf\">Resoluci\u00f3n 053\/2019<\/a>.<\/p>\n<h3><span style=\"font-family: verdana;\"><a name=\"pregunta3\"><\/a><\/span><br \/>\n<span style=\"text-decoration: underline;\"><span style=\"font-family: verdana;\">\u00bfCu\u00e1les son los requisitos para las maestr\u00edas?<\/span><\/span><\/h3>\n<p style=\"text-align: justify;\"><span style=\"font-family: verdana;\">Los requisitos para los programas de maestr\u00eda se exigen de acuerdo a cada programa, en su apartado respectivo ser\u00e1n publicados los requisitos, pero, todos comparten los siguientes documentos:<\/span><\/p>\n<ul style=\"text-align: justify;\">\n<li><span style=\"font-family: verdana;\">Copia de la c\u00e9dula de identidad y certificado de votaci\u00f3n<\/span><\/li>\n<li><span style=\"font-family: verdana;\">Registro del t\u00edtulo de tercer nivel en la plataforma de la SENESCYT<\/span><\/li>\n<li><span style=\"font-family: verdana;\">Certificado de suficiencie en el idioma Ingl\u00e9s<\/span><\/li>\n<\/ul>\n<p style=\"text-align: justify;\"><span style=\"font-family: verdana;\">Para el certificado de ingl\u00e9s, en el programa se especificar\u00e1 el nivel necesario en el msimo apartado donde se publicar\u00e1 la informaci\u00f3n de la maestr\u00eda disponible.<\/span><\/p>\n<h3><span style=\"font-family: verdana;\"><a name=\"pregunta4\"><\/a><\/span><br \/>\n<span style=\"text-decoration: underline;\"><span style=\"font-family: verdana;\">Necesito una maestr\u00eda en Educaci\u00f3n \u00bfcu\u00e1les tienen en oferta?<\/span><\/span><\/h3>\n<p style=\"text-align: justify;\"><span style=\"font-family: verdana;\">Si es usted un interesado del distrito en una maestr\u00eda que diga Educaci\u00f3n en su t\u00edtulo, puede verificar el reglamento y ver\u00e1 que ya no es necesario cursar un programa con esas caracter\u00edsticas, sino que basta con que sea a fin a su t\u00edtulo de tercer nivel.<\/span><\/p>\n<h3><span style=\"font-family: verdana;\"><a name=\"pregunta5\"><\/a><\/span><br \/>\n<span style=\"text-decoration: underline;\"><span style=\"font-family: verdana;\">\u00bfEs necesario el Ingl\u00e9s como requisito para ingresar a las maestr\u00edas?<\/span><\/span><\/h3>\n<p style=\"text-align: justify;\"><span style=\"font-family: verdana;\">S\u00ed, es necesario en todos los programas de maestr\u00eda; pero su nivel de suficiencia var\u00eda de acuerdo a las exigencias de cada programa.<\/span><\/p>\n<p><span style=\"font-family: verdana;\"><a name=\"pregunta6\"><\/a><\/span><\/p>\n<h3><span style=\"text-decoration: underline;\"><span style=\"font-family: verdana;\">\u00bfCu\u00e1les son los horarios de clases de las maestr\u00edas?<\/span><\/span><\/h3>\n<p style=\"text-align: justify;\"><span style=\"font-family: verdana;\">Para informaci\u00f3n de los horarios, deber\u00e1 ir al apartado de la informaci\u00f3n de la maestr\u00eda de su inter\u00e9s, donde, entre otros datos, estar\u00e1 publcada esta informaci\u00f3n.<\/span><\/p>\n<h3><span style=\"font-family: verdana;\"><a name=\"pregunta7\"><\/a><\/span><br \/>\n<span style=\"text-decoration: underline;\"><span style=\"font-family: verdana;\">\u00bfPuedo cancelar con tarjeta de cr\u00e9dito?<\/span><\/span><\/h3>\n<p style=\"text-align: justify;\"><span style=\"font-family: verdana;\">Hasta el momento la cancelaci\u00f3n de valores no puede efectuarse por tarjeta de cr\u00e9dito, pero pr\u00f3ximamente se dar\u00e1n noticias en cuanto esta modalidad de pago.<\/span><\/p>\n<h3><span style=\"font-family: verdana;\">\u00bfExisten becas?<\/span><\/h3>\n<p>Claro, existen las \u00abBECAS NACIONALES DE POSGRADO 2019\u00bb, para informarte de ellas, puedes ir a la <a href=\"https:\/\/posgrado.utmachala.edu.ec\/posgrado\/programa-de-becas-nacionales-de-posgrado-2019\/\">noticia<\/a>.<\/p>\n","protected":false},"excerpt":{"rendered":"<p>En esta secci\u00f3n, encontrar\u00e1s las respuestas a las dudas m\u00e1s frecuentes realizadas con respecto al Centro de Posgrado y su oferta acad\u00e9mica, mediante las siguientes preguntas: \u00bfQu\u00e9 valor tienen las maestr\u00edas? \u00bfCu\u00e1les son las formas de pago de las maestr\u00edas? \u00bfCu\u00e1les son los requisitos para las maestr\u00edas? Necesito una maestr\u00eda en Educaci\u00f3n \u00bfcu\u00e1les tienen en [&hellip;]<\/p>\n","protected":false},"author":1,"featured_media":0,"parent":0,"menu_order":0,"comment_status":"closed","ping_status":"closed","template":"","meta":{"footnotes":"","_joinchat":[]},"uagb_featured_image_src":{"full":false,"thumbnail":false,"medium":false,"medium_large":false,"large":false,"1536x1536":false,"2048x2048":false},"uagb_author_info":{"display_name":"cepos_admin","author_link":"https:\/\/posgrado.utmachala.edu.ec\/posgrado\/author\/cepos_admin\/"},"uagb_comment_info":0,"uagb_excerpt":"En esta secci\u00f3n, encontrar\u00e1s las respuestas a las dudas m\u00e1s frecuentes realizadas con respecto al Centro de Posgrado y su oferta acad\u00e9mica, mediante las siguientes preguntas: \u00bfQu\u00e9 valor tienen las maestr\u00edas? \u00bfCu\u00e1les son las formas de pago de las maestr\u00edas? \u00bfCu\u00e1les son los requisitos para las maestr\u00edas? Necesito una maestr\u00eda en Educaci\u00f3n \u00bfcu\u00e1les tienen en&hellip;","_links":{"self":[{"href":"https:\/\/posgrado.utmachala.edu.ec\/posgrado\/wp-json\/wp\/v2\/pages\/514"}],"collection":[{"href":"https:\/\/posgrado.utmachala.edu.ec\/posgrado\/wp-json\/wp\/v2\/pages"}],"about":[{"href":"https:\/\/posgrado.utmachala.edu.ec\/posgrado\/wp-json\/wp\/v2\/types\/page"}],"author":[{"embeddable":true,"href":"https:\/\/posgrado.utmachala.edu.ec\/posgrado\/wp-json\/wp\/v2\/users\/1"}],"replies":[{"embeddable":true,"href":"https:\/\/posgrado.utmachala.edu.ec\/posgrado\/wp-json\/wp\/v2\/comments?post=514"}],"version-history":[{"count":22,"href":"https:\/\/posgrado.utmachala.edu.ec\/posgrado\/wp-json\/wp\/v2\/pages\/514\/revisions"}],"predecessor-version":[{"id":1327,"href":"https:\/\/posgrado.utmachala.edu.ec\/posgrado\/wp-json\/wp\/v2\/pages\/514\/revisions\/1327"}],"wp:attachment":[{"href":"https:\/\/posgrado.utmachala.edu.ec\/posgrado\/wp-json\/wp\/v2\/media?parent=514"}],"curies":[{"name":"wp","href":"https:\/\/api.w.org\/{rel}","templated":true}]}}