{"id":34,"date":"2017-08-14T17:54:17","date_gmt":"2017-08-14T17:54:17","guid":{"rendered":"https:\/\/posgrado.utmachala.edu.ec\/posgrado\/?page_id=34"},"modified":"2026-01-21T10:08:03","modified_gmt":"2026-01-21T15:08:03","slug":"sobre-nosotros","status":"publish","type":"page","link":"https:\/\/posgrado.utmachala.edu.ec\/posgrado\/sobre-nosotros\/","title":{"rendered":"Sobre nosotros"},"content":{"rendered":"\t\t<div data-elementor-type=\"wp-page\" data-elementor-id=\"34\" class=\"elementor elementor-34\" data-elementor-post-type=\"page\">\n\t\t\t\t\t\t\t\t\t<section class=\"elementor-section elementor-top-section elementor-element elementor-element-48eb6558 elementor-section-boxed elementor-section-height-default elementor-section-height-default\" data-id=\"48eb6558\" data-element_type=\"section\">\n\t\t\t\t\t\t<div class=\"elementor-container elementor-column-gap-default\">\n\t\t\t\t\t<div class=\"elementor-column elementor-col-100 elementor-top-column elementor-element elementor-element-61c180f0\" data-id=\"61c180f0\" data-element_type=\"column\">\n\t\t\t<div class=\"elementor-widget-wrap elementor-element-populated\">\n\t\t\t\t\t\t\t\t<section class=\"elementor-section elementor-inner-section elementor-element elementor-element-a27cf62 elementor-section-boxed elementor-section-height-default elementor-section-height-default\" data-id=\"a27cf62\" data-element_type=\"section\">\n\t\t\t\t\t\t<div class=\"elementor-container elementor-column-gap-default\">\n\t\t\t\t\t<div class=\"elementor-column elementor-col-50 elementor-inner-column elementor-element elementor-element-e680dd4\" data-id=\"e680dd4\" data-element_type=\"column\">\n\t\t\t<div class=\"elementor-widget-wrap elementor-element-populated\">\n\t\t\t\t\t\t\t\t<div class=\"elementor-element elementor-element-95df88d elementor-widget__width-initial elementor-widget elementor-widget-image\" data-id=\"95df88d\" data-element_type=\"widget\" data-widget_type=\"image.default\">\n\t\t\t\t<div class=\"elementor-widget-container\">\n\t\t\t\t\t\t\t\t\t\t\t\t\t\t\t<img decoding=\"async\" loading=\"lazy\" width=\"1000\" height=\"1000\" src=\"https:\/\/posgrado.utmachala.edu.ec\/posgrado\/wp-content\/uploads\/2025\/11\/LOGO-POSGRADO-UTMACH-03.png\" class=\"attachment-large size-large wp-image-12958\" alt=\"\" srcset=\"https:\/\/posgrado.utmachala.edu.ec\/posgrado\/wp-content\/uploads\/2025\/11\/LOGO-POSGRADO-UTMACH-03.png 1080w, https:\/\/posgrado.utmachala.edu.ec\/posgrado\/wp-content\/uploads\/2025\/11\/elementor\/thumbs\/LOGO-POSGRADO-UTMACH-03.png 500w\" sizes=\"(max-width: 1000px) 100vw, 1000px\" \/>\t\t\t\t\t\t\t\t\t\t\t\t\t\t\t<\/div>\n\t\t\t\t<\/div>\n\t\t\t\t\t<\/div>\n\t\t<\/div>\n\t\t\t\t<div class=\"elementor-column elementor-col-50 elementor-inner-column elementor-element elementor-element-940e55f\" data-id=\"940e55f\" data-element_type=\"column\">\n\t\t\t<div class=\"elementor-widget-wrap elementor-element-populated\">\n\t\t\t\t\t\t\t\t<div class=\"elementor-element elementor-element-7132627 elementor-widget elementor-widget-heading\" data-id=\"7132627\" data-element_type=\"widget\" data-widget_type=\"heading.default\">\n\t\t\t\t<div class=\"elementor-widget-container\">\n\t\t\t<h2 class=\"elementor-heading-title elementor-size-default\">DIRECCI\u00d3N DE POSGRADO<\/h2>\t\t<\/div>\n\t\t\t\t<\/div>\n\t\t\t\t<div class=\"elementor-element elementor-element-6a614b1 elementor-widget elementor-widget-text-editor\" data-id=\"6a614b1\" data-element_type=\"widget\" data-widget_type=\"text-editor.default\">\n\t\t\t\t<div class=\"elementor-widget-container\">\n\t\t\t\t\t\t\t<p style=\"text-align: justify;\">\nLa Direcci\u00f3n de Posgrado es una dependencia acad\u00e9mica, encargada de la planificaci\u00f3n, organizaci\u00f3n, difusi\u00f3n y ejecuci\u00f3n de las actividades de formaci\u00f3n profesional de posgrado en la Universidad T\u00e9cnica de Machala.\n<\/p>\n\n<p style=\"text-align: justify;\">\nEntre sus atribuciones se encuentra la socializaci\u00f3n de nuevos proyectos de programas de posgrado, redise\u00f1os y ajustes curriculares sustantivos ante la Comisi\u00f3n Directiva de Posgrado, quien ser\u00e1 el ente encargado de proponerlos ante el Consejo de Investigaci\u00f3n, Vinculaci\u00f3n y Posgrado, a fin de que, en uso de sus competencias, emita el informe de pertinencia para conocimiento y aprobaci\u00f3n del Consejo Universitario y de los organismos que rigen el Sistema de Educaci\u00f3n Superior.\n<\/p>\n\t\t\t\t\t\t<\/div>\n\t\t\t\t<\/div>\n\t\t\t\t\t<\/div>\n\t\t<\/div>\n\t\t\t\t\t\t\t<\/div>\n\t\t<\/section>\n\t\t\t\t<section class=\"elementor-section elementor-inner-section elementor-element elementor-element-a8ab86b elementor-section-boxed elementor-section-height-default elementor-section-height-default\" data-id=\"a8ab86b\" data-element_type=\"section\">\n\t\t\t\t\t\t<div class=\"elementor-container elementor-column-gap-default\">\n\t\t\t\t\t<div class=\"elementor-column elementor-col-50 elementor-inner-column elementor-element elementor-element-35a894d\" data-id=\"35a894d\" data-element_type=\"column\">\n\t\t\t<div class=\"elementor-widget-wrap elementor-element-populated\">\n\t\t\t\t\t\t\t\t<div class=\"elementor-element elementor-element-cf2056a elementor-widget elementor-widget-heading\" data-id=\"cf2056a\" data-element_type=\"widget\" data-widget_type=\"heading.default\">\n\t\t\t\t<div class=\"elementor-widget-container\">\n\t\t\t<h2 class=\"elementor-heading-title elementor-size-default\"><a href=\"#OFERTACADEMICA\">Misi\u00f3n<\/a><\/h2>\t\t<\/div>\n\t\t\t\t<\/div>\n\t\t\t\t<div class=\"elementor-element elementor-element-1a11778 elementor-widget elementor-widget-text-editor\" data-id=\"1a11778\" data-element_type=\"widget\" data-widget_type=\"text-editor.default\">\n\t\t\t\t<div class=\"elementor-widget-container\">\n\t\t\t\t\t\t\t<p style=\"text-align: justify;\">\nFormar profesionales de cuarto nivel, con calidad acad\u00e9mica, cient\u00edfica, t\u00e9cnica y humanista; alineada a las estrategias de internacionalizaci\u00f3n e investigaci\u00f3n institucional y a las necesidades de desarrollo sustentable y sostenible de la regi\u00f3n y el pa\u00eds.\n<\/p>\n\t\t\t\t\t\t<\/div>\n\t\t\t\t<\/div>\n\t\t\t\t\t<\/div>\n\t\t<\/div>\n\t\t\t\t<div class=\"elementor-column elementor-col-50 elementor-inner-column elementor-element elementor-element-289ea43\" data-id=\"289ea43\" data-element_type=\"column\">\n\t\t\t<div class=\"elementor-widget-wrap elementor-element-populated\">\n\t\t\t\t\t\t\t\t<div class=\"elementor-element elementor-element-7ebcff2 elementor-widget elementor-widget-heading\" data-id=\"7ebcff2\" data-element_type=\"widget\" data-widget_type=\"heading.default\">\n\t\t\t\t<div class=\"elementor-widget-container\">\n\t\t\t<h2 class=\"elementor-heading-title elementor-size-default\"><a href=\"#OFERTACADEMICA\">Visi\u00f3n<\/a><\/h2>\t\t<\/div>\n\t\t\t\t<\/div>\n\t\t\t\t<div class=\"elementor-element elementor-element-edfef37 elementor-widget elementor-widget-text-editor\" data-id=\"edfef37\" data-element_type=\"widget\" data-widget_type=\"text-editor.default\">\n\t\t\t\t<div class=\"elementor-widget-container\">\n\t\t\t\t\t\t\t<p style=\"text-align: justify;\">\n  Ser un referente en la formaci\u00f3n de cuarto nivel en la regi\u00f3n y el pa\u00eds, con capacidad investigativa e innovadora.\n<\/p>\n\t\t\t\t\t\t<\/div>\n\t\t\t\t<\/div>\n\t\t\t\t\t<\/div>\n\t\t<\/div>\n\t\t\t\t\t\t\t<\/div>\n\t\t<\/section>\n\t\t\t\t\t<\/div>\n\t\t<\/div>\n\t\t\t\t\t\t\t<\/div>\n\t\t<\/section>\n\t\t\t\t<section class=\"elementor-section elementor-top-section elementor-element elementor-element-99b7979 elementor-section-boxed elementor-section-height-default elementor-section-height-default\" data-id=\"99b7979\" data-element_type=\"section\">\n\t\t\t\t\t\t<div class=\"elementor-container elementor-column-gap-default\">\n\t\t\t\t\t<div class=\"elementor-column elementor-col-100 elementor-top-column elementor-element elementor-element-3002cdd\" data-id=\"3002cdd\" data-element_type=\"column\">\n\t\t\t<div class=\"elementor-widget-wrap elementor-element-populated\">\n\t\t\t\t\t\t\t\t<div class=\"elementor-element elementor-element-4732c23 elementor-widget elementor-widget-heading\" data-id=\"4732c23\" data-element_type=\"widget\" data-widget_type=\"heading.default\">\n\t\t\t\t<div class=\"elementor-widget-container\">\n\t\t\t<h2 class=\"elementor-heading-title elementor-size-default\"><a href=\"#OFERTACADEMICA\">Ubicaci\u00f3n<\/a><\/h2>\t\t<\/div>\n\t\t\t\t<\/div>\n\t\t\t\t<div class=\"elementor-element elementor-element-38f9b61 elementor-widget elementor-widget-heading\" data-id=\"38f9b61\" data-element_type=\"widget\" data-widget_type=\"heading.default\">\n\t\t\t\t<div class=\"elementor-widget-container\">\n\t\t\t<h3 class=\"elementor-heading-title elementor-size-default\"><a href=\"#OFERTACADEMICA\">\ud83e\udded C\u00f3mo llegar<\/a><\/h3>\t\t<\/div>\n\t\t\t\t<\/div>\n\t\t\t\t\t<\/div>\n\t\t<\/div>\n\t\t\t\t\t\t\t<\/div>\n\t\t<\/section>\n\t\t\t\t<section class=\"elementor-section elementor-top-section elementor-element elementor-element-8a2ed42 elementor-section-boxed elementor-section-height-default elementor-section-height-default\" data-id=\"8a2ed42\" data-element_type=\"section\">\n\t\t\t\t\t\t<div class=\"elementor-container elementor-column-gap-default\">\n\t\t\t\t\t<div class=\"elementor-column elementor-col-100 elementor-top-column elementor-element elementor-element-2cb607a\" data-id=\"2cb607a\" data-element_type=\"column\">\n\t\t\t<div class=\"elementor-widget-wrap elementor-element-populated\">\n\t\t\t\t\t\t\t\t<div class=\"elementor-element elementor-element-f1d2635 elementor-widget elementor-widget-shortcode\" data-id=\"f1d2635\" data-element_type=\"widget\" data-widget_type=\"shortcode.default\">\n\t\t\t\t<div class=\"elementor-widget-container\">\n\t\t\t\t\t<div class=\"elementor-shortcode\"><div id=\"wpgmza_map\" class=\"wpgmza_map\" data-settings='{\"id\":\"1\",\"map_title\":\"Ubicaci\\u00f3n\",\"map_width\":\"100\",\"map_height\":\"400\",\"map_start_lat\":\"-3.286114\",\"map_start_lng\":\"-79.909837\",\"map_start_location\":\"-3.2861143806992934,-79.90983715644688\",\"map_start_zoom\":\"16\",\"default_marker\":\"0\",\"type\":\"1\",\"alignment\":\"2\",\"directions_enabled\":\"1\",\"styling_enabled\":\"0\",\"styling_json\":\"\",\"active\":\"0\",\"kml\":\"\",\"bicycle\":\"0\",\"traffic\":\"0\",\"dbox\":\"1\",\"dbox_width\":\"100\",\"listmarkers\":\"0\",\"listmarkers_advanced\":\"0\",\"filterbycat\":\"0\",\"ugm_enabled\":\"0\",\"ugm_category_enabled\":\"0\",\"fusion\":\"\",\"map_width_type\":\"\\\\%\",\"map_height_type\":\"px\",\"mass_marker_support\":\"1\",\"ugm_access\":\"0\",\"order_markers_by\":\"1\",\"order_markers_choice\":\"2\",\"show_user_location\":\"0\",\"default_to\":\"\",\"other_settings\":{\"store_locator_enabled\":2,\"store_locator_distance\":2,\"store_locator_default_radius\":\"10\",\"store_locator_not_found_message\":\"No results found in this location. Please try again.\",\"store_locator_bounce\":1,\"store_locator_query_string\":\"ZIP \\\/ C\\u00f3digo Postal \\\/ Direcci\\u00f3n\",\"store_locator_default_address\":\"\",\"wpgmza_store_locator_restrict\":\"ec\",\"map_max_zoom\":\"1\",\"transport_layer\":0,\"wpgmza_theme_data\":\"\",\"wpgmza_show_points_of_interest\":1,\"bicycle\":\"0\",\"traffic\":\"0\"}}' data-map-id='1' Data-maps-engine='' data-shortcode-attributes='{\"id\":\"1\"}' style=\"display:block; overflow:auto; width:100%; height:400px; float:left;\"><\/div><\/div>\n\t\t\t\t<\/div>\n\t\t\t\t<\/div>\n\t\t\t\t\t<\/div>\n\t\t<\/div>\n\t\t\t\t\t\t\t<\/div>\n\t\t<\/section>\n\t\t\t\t<section class=\"elementor-section elementor-top-section elementor-element elementor-element-ed2d254 elementor-section-boxed elementor-section-height-default elementor-section-height-default\" data-id=\"ed2d254\" data-element_type=\"section\">\n\t\t\t\t\t\t<div class=\"elementor-container elementor-column-gap-default\">\n\t\t\t\t\t<div class=\"elementor-column elementor-col-100 elementor-top-column elementor-element elementor-element-a1da24e\" data-id=\"a1da24e\" data-element_type=\"column\">\n\t\t\t<div class=\"elementor-widget-wrap elementor-element-populated\">\n\t\t\t\t\t\t\t\t<div class=\"elementor-element elementor-element-9128a78 elementor-widget elementor-widget-heading\" data-id=\"9128a78\" data-element_type=\"widget\" data-widget_type=\"heading.default\">\n\t\t\t\t<div class=\"elementor-widget-container\">\n\t\t\t<h2 class=\"elementor-heading-title elementor-size-default\"><a href=\"#OFERTACADEMICA\">\u00a1S\u00edguenos en nuestras redes sociales!\u200b<\/a><\/h2>\t\t<\/div>\n\t\t\t\t<\/div>\n\t\t\t\t<div class=\"elementor-element elementor-element-4e8c192 elementor-widget elementor-widget-heading\" data-id=\"4e8c192\" data-element_type=\"widget\" data-widget_type=\"heading.default\">\n\t\t\t\t<div class=\"elementor-widget-container\">\n\t\t\t<h3 class=\"elementor-heading-title elementor-size-default\"><a href=\"#OFERTACADEMICA\">Publicamos convocatorias, becas y eventos acad\u00e9micos de posgrado.<\/a><\/h3>\t\t<\/div>\n\t\t\t\t<\/div>\n\t\t\t\t<div class=\"elementor-element elementor-element-18b33ae elementor-shape-square elementor-grid-0 e-grid-align-center elementor-widget elementor-widget-social-icons\" data-id=\"18b33ae\" data-element_type=\"widget\" data-widget_type=\"social-icons.default\">\n\t\t\t\t<div class=\"elementor-widget-container\">\n\t\t\t\t\t<div class=\"elementor-social-icons-wrapper elementor-grid\">\n\t\t\t\t\t\t\t<span class=\"elementor-grid-item\">\n\t\t\t\t\t<a class=\"elementor-icon elementor-social-icon elementor-social-icon-facebook elementor-repeater-item-4628a42\" href=\"https:\/\/www.facebook.com\/PosgradoUTMACH\/\" target=\"_blank\">\n\t\t\t\t\t\t<span class=\"elementor-screen-only\">Facebook<\/span>\n\t\t\t\t\t\t<i class=\"fab fa-facebook\"><\/i>\t\t\t\t\t<\/a>\n\t\t\t\t<\/span>\n\t\t\t\t\t\t\t<span class=\"elementor-grid-item\">\n\t\t\t\t\t<a class=\"elementor-icon elementor-social-icon elementor-social-icon-whatsapp elementor-repeater-item-7d4aea8\" href=\"https:\/\/wa.me\/+593999440070\" target=\"_blank\">\n\t\t\t\t\t\t<span class=\"elementor-screen-only\">Whatsapp<\/span>\n\t\t\t\t\t\t<i class=\"fab fa-whatsapp\"><\/i>\t\t\t\t\t<\/a>\n\t\t\t\t<\/span>\n\t\t\t\t\t\t\t<span class=\"elementor-grid-item\">\n\t\t\t\t\t<a class=\"elementor-icon elementor-social-icon elementor-social-icon-instagram elementor-repeater-item-cc67ab8\" href=\"https:\/\/www.instagram.com\/posgradoutmach\/\" target=\"_blank\">\n\t\t\t\t\t\t<span class=\"elementor-screen-only\">Instagram<\/span>\n\t\t\t\t\t\t<i class=\"fab fa-instagram\"><\/i>\t\t\t\t\t<\/a>\n\t\t\t\t<\/span>\n\t\t\t\t\t<\/div>\n\t\t\t\t<\/div>\n\t\t\t\t<\/div>\n\t\t\t\t\t<\/div>\n\t\t<\/div>\n\t\t\t\t\t\t\t<\/div>\n\t\t<\/section>\n\t\t\t\t<section class=\"elementor-section elementor-top-section elementor-element elementor-element-7c8f331 elementor-section-boxed elementor-section-height-default elementor-section-height-default\" data-id=\"7c8f331\" data-element_type=\"section\">\n\t\t\t\t\t\t<div class=\"elementor-container elementor-column-gap-default\">\n\t\t\t\t\t<div class=\"elementor-column elementor-col-100 elementor-top-column elementor-element elementor-element-0a64f97\" data-id=\"0a64f97\" data-element_type=\"column\">\n\t\t\t<div class=\"elementor-widget-wrap\">\n\t\t\t\t\t\t\t\t\t<\/div>\n\t\t<\/div>\n\t\t\t\t\t\t\t<\/div>\n\t\t<\/section>\n\t\t\t\t\t\t\t<\/div>\n\t\t","protected":false},"excerpt":{"rendered":"<p>DIRECCI\u00d3N DE POSGRADO La Direcci\u00f3n de Posgrado es una dependencia acad\u00e9mica, encargada de la planificaci\u00f3n, organizaci\u00f3n, difusi\u00f3n y ejecuci\u00f3n de las actividades de formaci\u00f3n profesional de posgrado en la Universidad T\u00e9cnica de Machala. Entre sus atribuciones se encuentra la socializaci\u00f3n de nuevos proyectos de programas de posgrado, redise\u00f1os y ajustes curriculares sustantivos ante la Comisi\u00f3n [&hellip;]<\/p>\n","protected":false},"author":1,"featured_media":0,"parent":0,"menu_order":0,"comment_status":"closed","ping_status":"closed","template":"","meta":{"footnotes":"","_joinchat":[]},"uagb_featured_image_src":{"full":false,"thumbnail":false,"medium":false,"medium_large":false,"large":false,"1536x1536":false,"2048x2048":false},"uagb_author_info":{"display_name":"cepos_admin","author_link":"https:\/\/posgrado.utmachala.edu.ec\/posgrado\/author\/cepos_admin\/"},"uagb_comment_info":0,"uagb_excerpt":"DIRECCI\u00d3N DE POSGRADO La Direcci\u00f3n de Posgrado es una dependencia acad\u00e9mica, encargada de la planificaci\u00f3n, organizaci\u00f3n, difusi\u00f3n y ejecuci\u00f3n de las actividades de formaci\u00f3n profesional de posgrado en la Universidad T\u00e9cnica de Machala. Entre sus atribuciones se encuentra la socializaci\u00f3n de nuevos proyectos de programas de posgrado, redise\u00f1os y ajustes curriculares sustantivos ante la Comisi\u00f3n&hellip;","_links":{"self":[{"href":"https:\/\/posgrado.utmachala.edu.ec\/posgrado\/wp-json\/wp\/v2\/pages\/34"}],"collection":[{"href":"https:\/\/posgrado.utmachala.edu.ec\/posgrado\/wp-json\/wp\/v2\/pages"}],"about":[{"href":"https:\/\/posgrado.utmachala.edu.ec\/posgrado\/wp-json\/wp\/v2\/types\/page"}],"author":[{"embeddable":true,"href":"https:\/\/posgrado.utmachala.edu.ec\/posgrado\/wp-json\/wp\/v2\/users\/1"}],"replies":[{"embeddable":true,"href":"https:\/\/posgrado.utmachala.edu.ec\/posgrado\/wp-json\/wp\/v2\/comments?post=34"}],"version-history":[{"count":31,"href":"https:\/\/posgrado.utmachala.edu.ec\/posgrado\/wp-json\/wp\/v2\/pages\/34\/revisions"}],"predecessor-version":[{"id":14571,"href":"https:\/\/posgrado.utmachala.edu.ec\/posgrado\/wp-json\/wp\/v2\/pages\/34\/revisions\/14571"}],"wp:attachment":[{"href":"https:\/\/posgrado.utmachala.edu.ec\/posgrado\/wp-json\/wp\/v2\/media?parent=34"}],"curies":[{"name":"wp","href":"https:\/\/api.w.org\/{rel}","templated":true}]}}