{"id":1506,"date":"2020-10-10T16:06:20","date_gmt":"2020-10-10T21:06:20","guid":{"rendered":"https:\/\/posgrado.utmachala.edu.ec\/posgrado\/?page_id=1506"},"modified":"2023-01-11T09:07:17","modified_gmt":"2023-01-11T14:07:17","slug":"politicas-de-privacidad-direccion-de-posgrado","status":"publish","type":"page","link":"https:\/\/posgrado.utmachala.edu.ec\/posgrado\/politicas-de-privacidad-direccion-de-posgrado\/","title":{"rendered":"Pol\u00edticas de privacidad &#8211; Direcci\u00f3n de Posgrado UTMACH"},"content":{"rendered":"\t\t<div data-elementor-type=\"wp-page\" data-elementor-id=\"1506\" class=\"elementor elementor-1506\" data-elementor-post-type=\"page\">\n\t\t\t\t\t\t\t\t\t<section class=\"elementor-section elementor-top-section elementor-element elementor-element-2ef3dfcf elementor-section-boxed elementor-section-height-default elementor-section-height-default\" data-id=\"2ef3dfcf\" data-element_type=\"section\">\n\t\t\t\t\t\t<div class=\"elementor-container elementor-column-gap-default\">\n\t\t\t\t\t<div class=\"elementor-column elementor-col-100 elementor-top-column elementor-element elementor-element-44eab748\" data-id=\"44eab748\" data-element_type=\"column\">\n\t\t\t<div class=\"elementor-widget-wrap elementor-element-populated\">\n\t\t\t\t\t\t\t\t<div class=\"elementor-element elementor-element-62a1a01 elementor-widget elementor-widget-heading\" data-id=\"62a1a01\" data-element_type=\"widget\" data-widget_type=\"heading.default\">\n\t\t\t\t<div class=\"elementor-widget-container\">\n\t\t\t<h2 class=\"elementor-heading-title elementor-size-default\">Pol\u00edticas de Privacidad<\/h2>\t\t<\/div>\n\t\t\t\t<\/div>\n\t\t\t\t<div class=\"elementor-element elementor-element-48d6749c elementor-widget elementor-widget-text-editor\" data-id=\"48d6749c\" data-element_type=\"widget\" data-widget_type=\"text-editor.default\">\n\t\t\t\t<div class=\"elementor-widget-container\">\n\t\t\t\t\t\t\t<!-- wp:paragraph -->\n<p><span style=\"color: #000000;\"><strong>POL\u00cdTICAS DE PRIVACIDAD<\/strong><\/span><\/p>\n<p><span style=\"color: #000000;\"><!-- \/wp:paragraph --><!-- wp:paragraph {\"align\":\"justify\"} --><\/span><\/p>\n<p class=\"has-text-align-justify\"><span style=\"color: #000000;\">El presente Pol\u00edtica de Privacidad establece los t\u00e9rminos en que\u00a0\u00a0usa y protege la informaci\u00f3n que es proporcionada por sus usuarios al momento de utilizar el sitio web. La Direcci\u00f3n de Posgrado est\u00e1 comprometido con la seguridad de los datos de sus usuarios. Cuando le pedimos llenar los campos de informaci\u00f3n personal con la cual usted pueda ser identificado, lo hacemos asegurando que s\u00f3lo se emplear\u00e1 de acuerdo con los t\u00e9rminos de este documento. Sin embargo esta Pol\u00edtica de Privacidad puede cambiar con el tiempo o ser actualizada por lo que le recomendamos y enfatizamos revisar continuamente esta p\u00e1gina para asegurarse que est\u00e1 de acuerdo con dichos cambios.<\/span><\/p>\n<p><span style=\"color: #000000;\"><!-- \/wp:paragraph --><!-- wp:paragraph --><\/span><\/p>\n<p><span style=\"color: #000000;\"><strong>Informaci\u00f3n que es recogida<\/strong><\/span><\/p>\n<p><span style=\"color: #000000;\"><!-- \/wp:paragraph --><!-- wp:paragraph {\"align\":\"justify\"} --><\/span><\/p>\n<p class=\"has-text-align-justify\"><span style=\"color: #000000;\">Nuestro sitio web podr\u00e1 recoger informaci\u00f3n personal por ejemplo: Nombre,\u00a0 informaci\u00f3n de contacto como\u00a0tel\u00e9fono o su direcci\u00f3n de correo electr\u00f3nica e informaci\u00f3n demogr\u00e1fica. As\u00ed mismo cuando sea necesario podr\u00e1 ser requerida informaci\u00f3n espec\u00edfica para procesar alg\u00fan pedido o realizar una entrega o facturaci\u00f3n.<\/span><\/p>\n<p><span style=\"color: #000000;\"><!-- \/wp:paragraph --><!-- wp:paragraph --><\/span><\/p>\n<p><span style=\"color: #000000;\"><strong>Uso de la informaci\u00f3n recogida<\/strong><\/span><\/p>\n<p><span style=\"color: #000000;\"><!-- \/wp:paragraph --><!-- wp:paragraph {\"align\":\"justify\"} --><\/span><\/p>\n<p class=\"has-text-align-justify\"><span style=\"color: #000000;\">Nuestro sitio web emplea la informaci\u00f3n con el fin de proporcionar el mejor servicio posible, particularmente para mantener un registro de usuarios, de pedidos en caso que aplique, y mejorar nuestros productos y servicios. \u00a0Es posible que sean enviados correos electr\u00f3nicos peri\u00f3dicamente a trav\u00e9s de nuestro sitio con ofertas especiales, nuevos productos y otra informaci\u00f3n publicitaria que consideremos relevante para usted o que pueda brindarle alg\u00fan beneficio, estos correos electr\u00f3nicos ser\u00e1n enviados a la direcci\u00f3n que usted proporcione y podr\u00e1n ser cancelados en cualquier momento.<\/span><\/p>\n<p><span style=\"color: #000000;\"><!-- \/wp:paragraph --><!-- wp:paragraph {\"align\":\"justify\"} --><\/span><\/p>\n<p class=\"has-text-align-justify\"><span style=\"color: #000000;\">Est\u00e1 altamente comprometido para cumplir con el compromiso de mantener su informaci\u00f3n segura. Usamos los sistemas m\u00e1s avanzados y los actualizamos constantemente para asegurarnos que no exista ning\u00fan acceso no autorizado.<\/span><\/p>\n<p><span style=\"color: #000000;\"><!-- \/wp:paragraph --><!-- wp:paragraph --><\/span><\/p>\n<p><span style=\"color: #000000;\"><strong>Cookies<\/strong><\/span><\/p>\n<p><span style=\"color: #000000;\"><!-- \/wp:paragraph --><!-- wp:paragraph {\"align\":\"justify\"} --><\/span><\/p>\n<p class=\"has-text-align-justify\"><span style=\"color: #000000;\">Una cookie se refiere a un fichero que es enviado con la finalidad de solicitar permiso para almacenarse en su ordenador, al aceptar dicho fichero se crea y la cookie sirve entonces para tener informaci\u00f3n respecto al tr\u00e1fico web, y tambi\u00e9n facilita las futuras visitas a una web recurrente. Otra funci\u00f3n que tienen las cookies es que con ellas las web pueden reconocerte individualmente y por tanto brindarte el mejor servicio personalizado de su web.<\/span><\/p>\n<p><span style=\"color: #000000;\"><!-- \/wp:paragraph --><!-- wp:paragraph {\"align\":\"justify\"} --><\/span><\/p>\n<p class=\"has-text-align-justify\"><span style=\"color: #000000;\">Nuestro sitio web emplea las cookies para poder identificar las p\u00e1ginas que son visitadas y su frecuencia. Esta informaci\u00f3n es empleada \u00fanicamente para an\u00e1lisis estad\u00edstico y despu\u00e9s la informaci\u00f3n se elimina de forma permanente. Usted puede eliminar las cookies en cualquier momento desde su ordenador. Sin embargo las cookies ayudan a proporcionar un mejor servicio de los sitios web, est\u00e1s no dan acceso a informaci\u00f3n de su ordenador ni de usted, a menos de que usted as\u00ed lo quiera y la proporcione directamente\u00a0. Usted puede aceptar o negar el uso de cookies, sin embargo la mayor\u00eda de navegadores aceptan cookies autom\u00e1ticamente pues sirve para tener un mejor servicio web. Tambi\u00e9n usted puede cambiar la configuraci\u00f3n de su ordenador para declinar las cookies. Si se declinan es posible que no pueda utilizar algunos de nuestros servicios.<\/span><\/p>\n<p><span style=\"color: #000000;\"><!-- \/wp:paragraph --><!-- wp:paragraph --><\/span><\/p>\n<p><span style=\"color: #000000;\"><strong>Enlaces a Terceros<\/strong><\/span><\/p>\n<p><span style=\"color: #000000;\"><!-- \/wp:paragraph --><!-- wp:paragraph {\"align\":\"justify\"} --><\/span><\/p>\n<p class=\"has-text-align-justify\"><span style=\"color: #000000;\">Este sitio web pudiera contener en laces a otros sitios que pudieran ser de su inter\u00e9s. Una vez que usted de clic en estos enlaces y abandone nuestra p\u00e1gina, ya no tenemos control sobre al sitio al que es redirigido y por lo tanto no somos responsables de los t\u00e9rminos o privacidad ni de la protecci\u00f3n de sus datos en esos otros sitios terceros. Dichos sitios est\u00e1n sujetos a sus propias pol\u00edticas de privacidad por lo cual es recomendable que los consulte para confirmar que usted est\u00e1 de acuerdo con estas.<\/span><\/p>\n<p><span style=\"color: #000000;\"><!-- \/wp:paragraph --><!-- wp:paragraph --><\/span><\/p>\n<p><span style=\"color: #000000;\"><strong>Control de su informaci\u00f3n personal<\/strong><\/span><\/p>\n<p><span style=\"color: #000000;\"><!-- \/wp:paragraph --><!-- wp:paragraph {\"align\":\"justify\"} --><\/span><\/p>\n<p class=\"has-text-align-justify\"><span style=\"color: #000000;\">En cualquier momento usted puede restringir la recopilaci\u00f3n o el uso de la informaci\u00f3n personal que es proporcionada a nuestro sitio web.\u00a0 Cada vez que se le solicite rellenar un formulario, como el de alta de usuario, puede marcar o desmarcar la opci\u00f3n de recibir informaci\u00f3n por correo electr\u00f3nico. \u00a0En caso de que haya marcado la opci\u00f3n de recibir nuestro bolet\u00edn o publicidad usted puede cancelarla en cualquier momento.<\/span><\/p>\n<p><span style=\"color: #000000;\"><!-- \/wp:paragraph --><!-- wp:paragraph {\"align\":\"justify\"} --><\/span><\/p>\n<p class=\"has-text-align-justify\"><span style=\"color: #000000;\">La Direcci\u00f3n de Posgrado no vender\u00e1, ceder\u00e1 ni distribuir\u00e1 la informaci\u00f3n personal que es recopilada sin su consentimiento, salvo que sea requerido por un juez con un orden judicial.<\/span><\/p>\n<p><span style=\"color: #000000;\"><!-- \/wp:paragraph --><!-- wp:paragraph {\"align\":\"justify\"} --><\/span><\/p>\n<p class=\"has-text-align-justify\"><span style=\"color: #000000;\">Se reserva el derecho de cambiar los t\u00e9rminos de la presente Pol\u00edtica de Privacidad en cualquier momento.<\/span><\/p>\n<!-- \/wp:paragraph -->\t\t\t\t\t\t<\/div>\n\t\t\t\t<\/div>\n\t\t\t\t\t<\/div>\n\t\t<\/div>\n\t\t\t\t\t\t\t<\/div>\n\t\t<\/section>\n\t\t\t\t\t\t\t<\/div>\n\t\t","protected":false},"excerpt":{"rendered":"<p>Pol\u00edticas de Privacidad POL\u00cdTICAS DE PRIVACIDAD El presente Pol\u00edtica de Privacidad establece los t\u00e9rminos en que\u00a0\u00a0usa y protege la informaci\u00f3n que es proporcionada por sus usuarios al momento de utilizar el sitio web. La Direcci\u00f3n de Posgrado est\u00e1 comprometido con la seguridad de los datos de sus usuarios. Cuando le pedimos llenar los campos de [&hellip;]<\/p>\n","protected":false},"author":1,"featured_media":0,"parent":0,"menu_order":0,"comment_status":"closed","ping_status":"closed","template":"","meta":{"footnotes":"","_joinchat":[]},"uagb_featured_image_src":{"full":false,"thumbnail":false,"medium":false,"medium_large":false,"large":false,"1536x1536":false,"2048x2048":false},"uagb_author_info":{"display_name":"cepos_admin","author_link":"https:\/\/posgrado.utmachala.edu.ec\/posgrado\/author\/cepos_admin\/"},"uagb_comment_info":0,"uagb_excerpt":"Pol\u00edticas de Privacidad POL\u00cdTICAS DE PRIVACIDAD El presente Pol\u00edtica de Privacidad establece los t\u00e9rminos en que\u00a0\u00a0usa y protege la informaci\u00f3n que es proporcionada por sus usuarios al momento de utilizar el sitio web. La Direcci\u00f3n de Posgrado est\u00e1 comprometido con la seguridad de los datos de sus usuarios. Cuando le pedimos llenar los campos de&hellip;","_links":{"self":[{"href":"https:\/\/posgrado.utmachala.edu.ec\/posgrado\/wp-json\/wp\/v2\/pages\/1506"}],"collection":[{"href":"https:\/\/posgrado.utmachala.edu.ec\/posgrado\/wp-json\/wp\/v2\/pages"}],"about":[{"href":"https:\/\/posgrado.utmachala.edu.ec\/posgrado\/wp-json\/wp\/v2\/types\/page"}],"author":[{"embeddable":true,"href":"https:\/\/posgrado.utmachala.edu.ec\/posgrado\/wp-json\/wp\/v2\/users\/1"}],"replies":[{"embeddable":true,"href":"https:\/\/posgrado.utmachala.edu.ec\/posgrado\/wp-json\/wp\/v2\/comments?post=1506"}],"version-history":[{"count":5,"href":"https:\/\/posgrado.utmachala.edu.ec\/posgrado\/wp-json\/wp\/v2\/pages\/1506\/revisions"}],"predecessor-version":[{"id":4053,"href":"https:\/\/posgrado.utmachala.edu.ec\/posgrado\/wp-json\/wp\/v2\/pages\/1506\/revisions\/4053"}],"wp:attachment":[{"href":"https:\/\/posgrado.utmachala.edu.ec\/posgrado\/wp-json\/wp\/v2\/media?parent=1506"}],"curies":[{"name":"wp","href":"https:\/\/api.w.org\/{rel}","templated":true}]}}